{"id":596,"date":"2022-06-29T12:43:27","date_gmt":"2022-06-29T10:43:27","guid":{"rendered":"https:\/\/foka-surveyors.com\/?page_id=596"},"modified":"2022-09-26T12:29:17","modified_gmt":"2022-09-26T10:29:17","slug":"yacht-surveys-2","status":"publish","type":"page","link":"https:\/\/foka-surveyors.com\/en\/yacht-surveys-2\/","title":{"rendered":"Yacht Surveys"},"content":{"rendered":"<div data-elementor-type=\"wp-page\" data-elementor-id=\"596\" class=\"elementor elementor-596\" data-elementor-post-type=\"page\">\n\t\t\t\t<div class=\"elementor-element elementor-element-a7ccca5 e-con-full e-flex e-con e-parent\" data-id=\"a7ccca5\" data-element_type=\"container\" data-settings=\"{&quot;_ob_use_container_extras&quot;:&quot;no&quot;,&quot;_ob_column_hoveranimator&quot;:&quot;no&quot;,&quot;_ob_glider_is_slider&quot;:&quot;no&quot;,&quot;_ob_column_has_pseudo&quot;:&quot;no&quot;}\">\n\t\t\t\t<div class=\"elementor-element elementor-element-15f6cd6 ob-has-background-overlay elementor-widget elementor-widget-shortcode\" data-id=\"15f6cd6\" data-element_type=\"widget\" data-settings=\"{&quot;_ob_widget_stalker_use&quot;:&quot;no&quot;,&quot;_ob_poopart_use&quot;:&quot;yes&quot;,&quot;_ob_shadough_use&quot;:&quot;no&quot;,&quot;_ob_allow_hoveranimator&quot;:&quot;no&quot;}\" data-widget_type=\"shortcode.default\">\n\t\t\t\t<div class=\"elementor-widget-container\">\n\t\t\t\t\t\t\t<div class=\"elementor-shortcode\">\t\t<div data-elementor-type=\"container\" data-elementor-id=\"1006\" class=\"elementor elementor-1006\" data-elementor-post-type=\"elementor_library\">\n\t\t\t\t<div class=\"elementor-element elementor-element-6ef21e64 e-flex e-con-boxed ob-is-container-extras e-con e-parent\" data-id=\"6ef21e64\" data-element_type=\"container\" data-settings=\"{&quot;background_background&quot;:&quot;classic&quot;,&quot;_ob_use_container_extras&quot;:&quot;yes&quot;,&quot;_ob_column_hoveranimator&quot;:&quot;no&quot;,&quot;_ob_glider_is_slider&quot;:&quot;no&quot;,&quot;_ob_column_has_pseudo&quot;:&quot;no&quot;}\">\n\t\t\t\t\t<div class=\"e-con-inner\">\n\t\t\t\t<div class=\"elementor-element elementor-element-710d13d3 ob-harakiri-inherit ob-has-background-overlay elementor-widget elementor-widget-heading\" data-id=\"710d13d3\" data-element_type=\"widget\" data-settings=\"{&quot;_ob_use_harakiri&quot;:&quot;yes&quot;,&quot;_ob_harakiri_writing_mode&quot;:&quot;inherit&quot;,&quot;_ob_harakiri_text_clip&quot;:&quot;none&quot;,&quot;_ob_widget_stalker_use&quot;:&quot;no&quot;,&quot;_ob_poopart_use&quot;:&quot;yes&quot;,&quot;_ob_shadough_use&quot;:&quot;no&quot;,&quot;_ob_allow_hoveranimator&quot;:&quot;no&quot;}\" data-widget_type=\"heading.default\">\n\t\t\t\t<div class=\"elementor-widget-container\">\n\t\t\t\t\t<h1 class=\"elementor-heading-title elementor-size-default\">MARINE SURVEYORS &amp; <br>YACHT CONSULTANTS<\/h1>\t\t\t\t<\/div>\n\t\t\t\t<\/div>\n\t\t\t\t\t<\/div>\n\t\t\t\t<\/div>\n\t\t\t\t<\/div>\n\t\t<\/div>\n\t\t\t\t\t\t<\/div>\n\t\t\t\t<\/div>\n\t\t\t\t<\/div>\n\t\t<div class=\"elementor-element elementor-element-4ec733e e-flex e-con-boxed e-con e-parent\" data-id=\"4ec733e\" data-element_type=\"container\" data-settings=\"{&quot;background_background&quot;:&quot;classic&quot;,&quot;_ob_use_container_extras&quot;:&quot;no&quot;,&quot;_ob_column_hoveranimator&quot;:&quot;no&quot;,&quot;_ob_glider_is_slider&quot;:&quot;no&quot;,&quot;_ob_column_has_pseudo&quot;:&quot;no&quot;}\">\n\t\t\t\t\t<div class=\"e-con-inner\">\n\t\t\t\t<div class=\"elementor-element elementor-element-15a8d6e ob-has-background-overlay elementor-widget elementor-widget-heading\" data-id=\"15a8d6e\" data-element_type=\"widget\" data-settings=\"{&quot;_ob_widget_stalker_use&quot;:&quot;no&quot;,&quot;_ob_poopart_use&quot;:&quot;yes&quot;,&quot;_ob_shadough_use&quot;:&quot;no&quot;,&quot;_ob_allow_hoveranimator&quot;:&quot;no&quot;}\" data-widget_type=\"heading.default\">\n\t\t\t\t<div class=\"elementor-widget-container\">\n\t\t\t\t\t<h2 class=\"elementor-heading-title elementor-size-default\">Yacht Surveys<\/h2>\t\t\t\t<\/div>\n\t\t\t\t<\/div>\n\t\t\t\t\t<\/div>\n\t\t\t\t<\/div>\n\t\t<div class=\"elementor-element elementor-element-edfb522 e-flex e-con-boxed e-con e-parent\" data-id=\"edfb522\" data-element_type=\"container\" data-settings=\"{&quot;_ob_use_container_extras&quot;:&quot;no&quot;,&quot;_ob_column_hoveranimator&quot;:&quot;no&quot;,&quot;_ob_glider_is_slider&quot;:&quot;no&quot;,&quot;_ob_column_has_pseudo&quot;:&quot;no&quot;}\">\n\t\t\t\t\t<div class=\"e-con-inner\">\n\t\t\t\t<div class=\"elementor-element elementor-element-fada570 elementor-cta--layout-image-above elementor-cta--valign-top elementor-widget__width-initial elementor-cta--skin-classic elementor-animated-content elementor-bg-transform elementor-bg-transform-zoom-in ob-has-background-overlay elementor-widget elementor-widget-call-to-action\" data-id=\"fada570\" data-element_type=\"widget\" data-settings=\"{&quot;_ob_widget_stalker_use&quot;:&quot;no&quot;,&quot;_ob_poopart_use&quot;:&quot;yes&quot;,&quot;_ob_shadough_use&quot;:&quot;no&quot;,&quot;_ob_allow_hoveranimator&quot;:&quot;no&quot;}\" data-widget_type=\"call-to-action.default\">\n\t\t\t\t<div class=\"elementor-widget-container\">\n\t\t\t\t\t\t\t<div class=\"elementor-cta\">\n\t\t\t\t\t<div class=\"elementor-cta__bg-wrapper\">\n\t\t\t\t<div class=\"elementor-cta__bg elementor-bg\" style=\"background-image: url(https:\/\/foka-surveyors.com\/wp-content\/uploads\/2022\/06\/wertgutachten.jpg);\" role=\"img\" aria-label=\"Yacht Surveys- Ihr zuverl\u00e4ssiger Partner f\u00fcr Wertgutachten | See-Erprobung | Versicherungs-Gutachten | Yachtgutachten im Schadenfall | Zustandsberichte\"><\/div>\n\t\t\t\t<div class=\"elementor-cta__bg-overlay\"><\/div>\n\t\t\t<\/div>\n\t\t\t\t\t\t\t<div class=\"elementor-cta__content\">\n\t\t\t\t\n\t\t\t\t\t\t\t\t\t<h2 class=\"elementor-cta__title elementor-cta__content-item elementor-content-item\">\n\t\t\t\t\t\tPre-purchase surveys \/ Valuations<br>&nbsp;\t\t\t\t\t<\/h2>\n\t\t\t\t\n\t\t\t\t\t\t\t\t\t<div class=\"elementor-cta__description elementor-cta__content-item elementor-content-item\">\n\t\t\t\t\t\t<b>Pre-purchase surveys or valuations are part of our usual service portfolio.<\/b> <br><br>\nA pre-purchase survey is a comprehensive type of inspection and is highly recommended when purchasing a new or used vessel.<br><br> The structural integrity, condition and overall operation of the yacht are examined. All on-board systems are examined, the propulsion systems, rigging, generators or other aggregates, electrical systems, electronics and navigational equipment, cosmetic appearance, and general maintenance condition.<br><br>\nEin Vor-Kauf-Gutachten ist kein bestandener oder nicht bestandener Test, sondern soll Ihnen helfen, eine Entscheidung dar\u00fcber zu treffen, wie Sie vorgehen m\u00f6chten. Wenn Sie \u00fcberlegen, eine Yacht zu kaufen, k\u00f6nnen die Ergebnisse unseres Gutachtens den wahrgenommenen Wert des Bootes beeinflussen. Daher ist ein Vor- Kauf- Gutachten ein wichtiger Bestandteil der Kaufverhandlungen.<br><br>\nIn many cases, insurance companies or registration authorities often require reports on the technical condition of the yacht.\t\t\t\t\t<\/div>\n\t\t\t\t\n\t\t\t\t\t\t\t<\/div>\n\t\t\t\t\t\t<\/div>\n\t\t\t\t\t\t<\/div>\n\t\t\t\t<\/div>\n\t\t\t\t<div class=\"elementor-element elementor-element-0c6dece elementor-hidden-mobile ob-harakiri ob-has-background-overlay elementor-widget elementor-widget-heading\" data-id=\"0c6dece\" data-element_type=\"widget\" data-settings=\"{&quot;_ob_widget_stalker_use&quot;:&quot;no&quot;,&quot;_ob_poopart_use&quot;:&quot;yes&quot;,&quot;_ob_shadough_use&quot;:&quot;no&quot;,&quot;_ob_allow_hoveranimator&quot;:&quot;no&quot;}\" data-widget_type=\"heading.default\">\n\t\t\t\t<div class=\"elementor-widget-container\">\n\t\t\t\t\t<h4 class=\"elementor-heading-title elementor-size-default\">F<br>O<br>K<br>A<br><br>S<br>U<br>R<br>V<br>E<br>Y<br>O<br>R<br>S<\/h4>\t\t\t\t<\/div>\n\t\t\t\t<\/div>\n\t\t\t\t<div class=\"elementor-element elementor-element-36c322b elementor-cta--layout-image-above elementor-cta--valign-top elementor-widget__width-initial elementor-cta--skin-classic elementor-animated-content elementor-bg-transform elementor-bg-transform-zoom-in ob-has-background-overlay elementor-widget elementor-widget-call-to-action\" data-id=\"36c322b\" data-element_type=\"widget\" data-settings=\"{&quot;_ob_widget_stalker_use&quot;:&quot;no&quot;,&quot;_ob_poopart_use&quot;:&quot;yes&quot;,&quot;_ob_shadough_use&quot;:&quot;no&quot;,&quot;_ob_allow_hoveranimator&quot;:&quot;no&quot;}\" data-widget_type=\"call-to-action.default\">\n\t\t\t\t<div class=\"elementor-widget-container\">\n\t\t\t\t\t\t\t<div class=\"elementor-cta\">\n\t\t\t\t\t<div class=\"elementor-cta__bg-wrapper\">\n\t\t\t\t<div class=\"elementor-cta__bg elementor-bg\" style=\"background-image: url(https:\/\/foka-surveyors.com\/wp-content\/uploads\/2022\/06\/sea-trial.jpg);\" role=\"img\" aria-label=\"Yacht Surveys- Ihr zuverl\u00e4ssiger Partner f\u00fcr Wertgutachten | See-Erprobung | Versicherungs-Gutachten | Yachtgutachten im Schadenfall | Zustandsberichte\"><\/div>\n\t\t\t\t<div class=\"elementor-cta__bg-overlay\"><\/div>\n\t\t\t<\/div>\n\t\t\t\t\t\t\t<div class=\"elementor-cta__content\">\n\t\t\t\t\n\t\t\t\t\t\t\t\t\t<h2 class=\"elementor-cta__title elementor-cta__content-item elementor-content-item\">\n\t\t\t\t\t\tSea trial<br>&nbsp;\t\t\t\t\t<\/h2>\n\t\t\t\t\n\t\t\t\t\t\t\t\t\t<div class=\"elementor-cta__description elementor-cta__content-item elementor-content-item translation-block\"><b>Although sea trials are often part of a full condition survey, it is recommended that a sea trial is carried out after repairs or refits. <\/b><br><br>A pre-purchase survey is usually combined with a sea trial, during which the operation of all equipment, the machinery and systems, as well as the performance and seakeeping of the yacht are verified. <br><br>For sailing yachts, the setting and testing of the sails is carried out. \nOnly a sea trial gives the possibility to get a statement about the handling of the yacht when used at sea, vibrations, smoking engines, a loose or not tuned rig, a leaking shaft seal or something the client should be aware of.<\/div>\n\t\t\t\t\n\t\t\t\t\t\t\t<\/div>\n\t\t\t\t\t\t<\/div>\n\t\t\t\t\t\t<\/div>\n\t\t\t\t<\/div>\n\t\t\t\t\t<\/div>\n\t\t\t\t<\/div>\n\t\t<div class=\"elementor-element elementor-element-b63968b e-flex e-con-boxed e-con e-parent\" data-id=\"b63968b\" data-element_type=\"container\" data-settings=\"{&quot;_ob_use_container_extras&quot;:&quot;no&quot;,&quot;_ob_column_hoveranimator&quot;:&quot;no&quot;,&quot;_ob_glider_is_slider&quot;:&quot;no&quot;,&quot;_ob_column_has_pseudo&quot;:&quot;no&quot;}\">\n\t\t\t\t\t<div class=\"e-con-inner\">\n\t\t\t\t<div class=\"elementor-element elementor-element-2a35dfb elementor-cta--layout-image-above elementor-cta--valign-top elementor-widget__width-initial elementor-cta--skin-classic elementor-animated-content elementor-bg-transform elementor-bg-transform-zoom-in ob-has-background-overlay elementor-widget elementor-widget-call-to-action\" data-id=\"2a35dfb\" data-element_type=\"widget\" data-settings=\"{&quot;_ob_widget_stalker_use&quot;:&quot;no&quot;,&quot;_ob_poopart_use&quot;:&quot;yes&quot;,&quot;_ob_shadough_use&quot;:&quot;no&quot;,&quot;_ob_allow_hoveranimator&quot;:&quot;no&quot;}\" data-widget_type=\"call-to-action.default\">\n\t\t\t\t<div class=\"elementor-widget-container\">\n\t\t\t\t\t\t\t<div class=\"elementor-cta\">\n\t\t\t\t\t<div class=\"elementor-cta__bg-wrapper\">\n\t\t\t\t<div class=\"elementor-cta__bg elementor-bg\" style=\"background-image: url(https:\/\/foka-surveyors.com\/wp-content\/uploads\/2022\/06\/insurance-survey.jpg);\" role=\"img\" aria-label=\"Yacht Surveys- Ihr zuverl\u00e4ssiger Partner f\u00fcr Wertgutachten | See-Erprobung | Versicherungs-Gutachten | Yachtgutachten im Schadenfall | Zustandsberichte\"><\/div>\n\t\t\t\t<div class=\"elementor-cta__bg-overlay\"><\/div>\n\t\t\t<\/div>\n\t\t\t\t\t\t\t<div class=\"elementor-cta__content\">\n\t\t\t\t\n\t\t\t\t\t\t\t\t\t<h2 class=\"elementor-cta__title elementor-cta__content-item elementor-content-item\">\n\t\t\t\t\t\tInsurance Survey<br>&nbsp;\t\t\t\t\t<\/h2>\n\t\t\t\t\n\t\t\t\t\t\t\t\t\t<div class=\"elementor-cta__description elementor-cta__content-item elementor-content-item translation-block\"><b>We carry out this type of survey to meet the requirements of your insurer. <\/b><br>\n<br>\n\nIt is used to determine if the vessel is an acceptable risk.\nMany of the elements of a pre-purchase survey are examined, the structural integrity, the condition and safety of the vessel for its intended use, as well as the propulsion system and all systems are checked. A hull inspection ashore is usually required.<br>\n<br>\n\n\nMost insurance companies require a current insurance survey for older boats or when changing the insurer.<\/div>\n\t\t\t\t\n\t\t\t\t\t\t\t<\/div>\n\t\t\t\t\t\t<\/div>\n\t\t\t\t\t\t<\/div>\n\t\t\t\t<\/div>\n\t\t\t\t<div class=\"elementor-element elementor-element-e51ed11 elementor-cta--layout-image-above elementor-cta--valign-top elementor-widget__width-initial elementor-cta--skin-classic elementor-animated-content elementor-bg-transform elementor-bg-transform-zoom-in ob-has-background-overlay elementor-widget elementor-widget-call-to-action\" data-id=\"e51ed11\" data-element_type=\"widget\" data-settings=\"{&quot;_ob_widget_stalker_use&quot;:&quot;no&quot;,&quot;_ob_poopart_use&quot;:&quot;yes&quot;,&quot;_ob_shadough_use&quot;:&quot;no&quot;,&quot;_ob_allow_hoveranimator&quot;:&quot;no&quot;}\" data-widget_type=\"call-to-action.default\">\n\t\t\t\t<div class=\"elementor-widget-container\">\n\t\t\t\t\t\t\t<div class=\"elementor-cta\">\n\t\t\t\t\t<div class=\"elementor-cta__bg-wrapper\">\n\t\t\t\t<div class=\"elementor-cta__bg elementor-bg\" style=\"background-image: url(https:\/\/foka-surveyors.com\/wp-content\/uploads\/2022\/06\/Yachtgutachten-im-schadenfall.jpg);\" role=\"img\" aria-label=\"Yacht Surveys- Ihr zuverl\u00e4ssiger Partner f\u00fcr Wertgutachten | See-Erprobung | Versicherungs-Gutachten | Yachtgutachten im Schadenfall | Zustandsberichte\"><\/div>\n\t\t\t\t<div class=\"elementor-cta__bg-overlay\"><\/div>\n\t\t\t<\/div>\n\t\t\t\t\t\t\t<div class=\"elementor-cta__content\">\n\t\t\t\t\n\t\t\t\t\t\t\t\t\t<h2 class=\"elementor-cta__title elementor-cta__content-item elementor-content-item\">\n\t\t\t\t\t\tYacht surveys in the event of damage<br>&nbsp;\t\t\t\t\t<\/h2>\n\t\t\t\t\n\t\t\t\t\t\t\t\t\t<div class=\"elementor-cta__description elementor-cta__content-item elementor-content-item translation-block\"><b>\nDamage assessments on boats and yachts are one of our main activities. <\/b><br><br>\n\nDamage to technical components, engines and gearboxes, to the hull, rigging or electronics are just as much a part of our daily work as fire damage or burglary and theft damage.\nAll findings and information of the parties involved in the incident are recorded and presented in a report with pictures and, if necessary, other informative attachments (tables, map extracts, sketches, translations of protocols). <br><br>\n\nThe report will indicate the cause of the damage, the extent, the costs of a repair, as well as instructions for further work. If the need arises, further experts will be called in to deal with the damage.<\/div>\n\t\t\t\t\n\t\t\t\t\t\t\t<\/div>\n\t\t\t\t\t\t<\/div>\n\t\t\t\t\t\t<\/div>\n\t\t\t\t<\/div>\n\t\t\t\t\t<\/div>\n\t\t\t\t<\/div>\n\t\t<div class=\"elementor-element elementor-element-e72fd8f e-flex e-con-boxed e-con e-parent\" data-id=\"e72fd8f\" data-element_type=\"container\" data-settings=\"{&quot;_ob_use_container_extras&quot;:&quot;no&quot;,&quot;_ob_column_hoveranimator&quot;:&quot;no&quot;,&quot;_ob_glider_is_slider&quot;:&quot;no&quot;,&quot;_ob_column_has_pseudo&quot;:&quot;no&quot;}\">\n\t\t\t\t\t<div class=\"e-con-inner\">\n\t\t\t\t<div class=\"elementor-element elementor-element-9f14d09 elementor-cta--layout-image-above elementor-cta--valign-top elementor-widget__width-initial elementor-cta--skin-classic elementor-animated-content elementor-bg-transform elementor-bg-transform-zoom-in ob-has-background-overlay elementor-widget elementor-widget-call-to-action\" data-id=\"9f14d09\" data-element_type=\"widget\" data-settings=\"{&quot;_ob_widget_stalker_use&quot;:&quot;no&quot;,&quot;_ob_poopart_use&quot;:&quot;yes&quot;,&quot;_ob_shadough_use&quot;:&quot;no&quot;,&quot;_ob_allow_hoveranimator&quot;:&quot;no&quot;}\" data-widget_type=\"call-to-action.default\">\n\t\t\t\t<div class=\"elementor-widget-container\">\n\t\t\t\t\t\t\t<div class=\"elementor-cta\">\n\t\t\t\t\t<div class=\"elementor-cta__bg-wrapper\">\n\t\t\t\t<div class=\"elementor-cta__bg elementor-bg\" style=\"background-image: url(https:\/\/foka-surveyors.com\/wp-content\/uploads\/2022\/06\/partitial-survey.jpg);\" role=\"img\" aria-label=\"Yacht Surveys- Ihr zuverl\u00e4ssiger Partner f\u00fcr Wertgutachten | See-Erprobung | Versicherungs-Gutachten | Yachtgutachten im Schadenfall | Zustandsberichte\"><\/div>\n\t\t\t\t<div class=\"elementor-cta__bg-overlay\"><\/div>\n\t\t\t<\/div>\n\t\t\t\t\t\t\t<div class=\"elementor-cta__content\">\n\t\t\t\t\n\t\t\t\t\t\t\t\t\t<h2 class=\"elementor-cta__title elementor-cta__content-item elementor-content-item\">\n\t\t\t\t\t\tCondition Report \/ Partial Survey <br>&nbsp;\t\t\t\t\t<\/h2>\n\t\t\t\t\n\t\t\t\t\t\t\t\t\t<div class=\"elementor-cta__description elementor-cta__content-item elementor-content-item translation-block\"><b>Condition reports describe the ascertained technical condition of a yacht or its components. <\/b>\n<br><br>\nThey can be used as a starting point before major refits, or to establish a condition, initiate complaints or warranty claims.\nPartial surveys are tailored to your specific requirements. For example, the hull structure, rigging, engines or other systems may be the subject of a detailed survey.<\/div>\n\t\t\t\t\n\t\t\t\t\t\t\t<\/div>\n\t\t\t\t\t\t<\/div>\n\t\t\t\t\t\t<\/div>\n\t\t\t\t<\/div>\n\t\t\t\t<div class=\"elementor-element elementor-element-f16f9cd elementor-cta--layout-image-above elementor-cta--valign-top elementor-widget__width-initial elementor-cta--skin-classic elementor-animated-content elementor-bg-transform elementor-bg-transform-zoom-in ob-has-background-overlay elementor-widget elementor-widget-call-to-action\" data-id=\"f16f9cd\" data-element_type=\"widget\" data-settings=\"{&quot;_ob_widget_stalker_use&quot;:&quot;no&quot;,&quot;_ob_poopart_use&quot;:&quot;yes&quot;,&quot;_ob_shadough_use&quot;:&quot;no&quot;,&quot;_ob_allow_hoveranimator&quot;:&quot;no&quot;}\" data-widget_type=\"call-to-action.default\">\n\t\t\t\t<div class=\"elementor-widget-container\">\n\t\t\t\t\t\t\t<a class=\"elementor-cta\" href=\"\/en\/survey-limits\/\">\n\t\t\t\t\t<div class=\"elementor-cta__bg-wrapper\">\n\t\t\t\t<div class=\"elementor-cta__bg elementor-bg\" style=\"background-image: url(https:\/\/foka-surveyors.com\/wp-content\/uploads\/2022\/06\/yacht-management.jpg);\" role=\"img\" aria-label=\"Yacht Surveys- Ihr zuverl\u00e4ssiger Partner f\u00fcr Wertgutachten | See-Erprobung | Versicherungs-Gutachten | Yachtgutachten im Schadenfall | Zustandsberichte\"><\/div>\n\t\t\t\t<div class=\"elementor-cta__bg-overlay\"><\/div>\n\t\t\t<\/div>\n\t\t\t\t\t\t\t<div class=\"elementor-cta__content\">\n\t\t\t\t\n\t\t\t\t\t\t\t\t\t<h2 class=\"elementor-cta__title elementor-cta__content-item elementor-content-item\">\n\t\t\t\t\t\tSurvey Limits <br>&nbsp;\t\t\t\t\t<\/h2>\n\t\t\t\t\n\t\t\t\t\t\t\t\t\t<div class=\"elementor-cta__description elementor-cta__content-item elementor-content-item\">\n\t\t\t\t\t\t<b>A survey can only contain a certain range of services and is subject to some limitations.<br><br><\/b>\nIt provides an opinion on the structural condition of the visible and essential elements of the ship's structure as presented at the time of the assessment.<br>\t\t\t\t\t<\/div>\n\t\t\t\t\n\t\t\t\t\t\t\t\t\t<div class=\"elementor-cta__button-wrapper elementor-cta__content-item elementor-content-item\">\n\t\t\t\t\t<span class=\"elementor-cta__button elementor-button elementor-size-xs\">\n\t\t\t\t\t\tSee all Limits\t\t\t\t\t<\/span>\n\t\t\t\t\t<\/div>\n\t\t\t\t\t\t\t<\/div>\n\t\t\t\t\t\t<\/a>\n\t\t\t\t\t\t<\/div>\n\t\t\t\t<\/div>\n\t\t\t\t\t<\/div>\n\t\t\t\t<\/div>\n\t\t\t\t<\/div>","protected":false},"excerpt":{"rendered":"<p>Yacht Surveys Vor- Kauf- Gutachten \/ Wertgutachten&nbsp; Vor- Kauf- Gutachten oder Wertgutachten geh\u00f6ren zu unserem \u00fcblichen Leistungsportfolio. Ein Vor-Kauf Gutachten ist eine umfassende Art der Inspektion und wird beim Kauf eines neuen oder gebrauchten Schiffes dringend empfohlen. Die strukturelle Integrit\u00e4t, der Zustand und der Gesamtbetrieb der Yacht werden untersucht. Untersucht werden alle Bordsysteme; die Antriebssysteme, [&hellip;]<\/p>","protected":false},"author":1,"featured_media":0,"parent":0,"menu_order":0,"comment_status":"closed","ping_status":"closed","template":"elementor_theme","meta":{"footnotes":""},"class_list":["post-596","page","type-page","status-publish","hentry"],"_links":{"self":[{"href":"https:\/\/foka-surveyors.com\/en\/wp-json\/wp\/v2\/pages\/596","targetHints":{"allow":["GET"]}}],"collection":[{"href":"https:\/\/foka-surveyors.com\/en\/wp-json\/wp\/v2\/pages"}],"about":[{"href":"https:\/\/foka-surveyors.com\/en\/wp-json\/wp\/v2\/types\/page"}],"author":[{"embeddable":true,"href":"https:\/\/foka-surveyors.com\/en\/wp-json\/wp\/v2\/users\/1"}],"replies":[{"embeddable":true,"href":"https:\/\/foka-surveyors.com\/en\/wp-json\/wp\/v2\/comments?post=596"}],"version-history":[{"count":339,"href":"https:\/\/foka-surveyors.com\/en\/wp-json\/wp\/v2\/pages\/596\/revisions"}],"predecessor-version":[{"id":4406,"href":"https:\/\/foka-surveyors.com\/en\/wp-json\/wp\/v2\/pages\/596\/revisions\/4406"}],"wp:attachment":[{"href":"https:\/\/foka-surveyors.com\/en\/wp-json\/wp\/v2\/media?parent=596"}],"curies":[{"name":"wp","href":"https:\/\/api.w.org\/{rel}","templated":true}]}}