{"id":1939,"date":"2022-07-22T14:05:01","date_gmt":"2022-07-22T12:05:01","guid":{"rendered":"https:\/\/foka-surveyors.com\/?page_id=1939"},"modified":"2022-09-26T12:30:30","modified_gmt":"2022-09-26T10:30:30","slug":"survey-limits","status":"publish","type":"page","link":"https:\/\/foka-surveyors.com\/en\/survey-limits\/","title":{"rendered":"Survey-Limits"},"content":{"rendered":"<div data-elementor-type=\"wp-page\" data-elementor-id=\"1939\" class=\"elementor elementor-1939\" data-elementor-post-type=\"page\">\n\t\t\t\t<div class=\"elementor-element elementor-element-a7ccca5 e-con-full e-flex e-con e-parent\" data-id=\"a7ccca5\" data-element_type=\"container\" data-settings=\"{&quot;_ob_use_container_extras&quot;:&quot;no&quot;,&quot;_ob_column_hoveranimator&quot;:&quot;no&quot;,&quot;_ob_glider_is_slider&quot;:&quot;no&quot;,&quot;_ob_column_has_pseudo&quot;:&quot;no&quot;}\">\n\t\t\t\t<div class=\"elementor-element elementor-element-15f6cd6 ob-has-background-overlay elementor-widget elementor-widget-shortcode\" data-id=\"15f6cd6\" data-element_type=\"widget\" data-settings=\"{&quot;_ob_widget_stalker_use&quot;:&quot;no&quot;,&quot;_ob_poopart_use&quot;:&quot;yes&quot;,&quot;_ob_shadough_use&quot;:&quot;no&quot;,&quot;_ob_allow_hoveranimator&quot;:&quot;no&quot;}\" data-widget_type=\"shortcode.default\">\n\t\t\t\t<div class=\"elementor-widget-container\">\n\t\t\t\t\t\t\t<div class=\"elementor-shortcode\">\t\t<div data-elementor-type=\"container\" data-elementor-id=\"1006\" class=\"elementor elementor-1006\" data-elementor-post-type=\"elementor_library\">\n\t\t\t\t<div class=\"elementor-element elementor-element-6ef21e64 e-flex e-con-boxed ob-is-container-extras e-con e-parent\" data-id=\"6ef21e64\" data-element_type=\"container\" data-settings=\"{&quot;background_background&quot;:&quot;classic&quot;,&quot;_ob_use_container_extras&quot;:&quot;yes&quot;,&quot;_ob_column_hoveranimator&quot;:&quot;no&quot;,&quot;_ob_glider_is_slider&quot;:&quot;no&quot;,&quot;_ob_column_has_pseudo&quot;:&quot;no&quot;}\">\n\t\t\t\t\t<div class=\"e-con-inner\">\n\t\t\t\t<div class=\"elementor-element elementor-element-710d13d3 ob-harakiri-inherit ob-has-background-overlay elementor-widget elementor-widget-heading\" data-id=\"710d13d3\" data-element_type=\"widget\" data-settings=\"{&quot;_ob_use_harakiri&quot;:&quot;yes&quot;,&quot;_ob_harakiri_writing_mode&quot;:&quot;inherit&quot;,&quot;_ob_harakiri_text_clip&quot;:&quot;none&quot;,&quot;_ob_widget_stalker_use&quot;:&quot;no&quot;,&quot;_ob_poopart_use&quot;:&quot;yes&quot;,&quot;_ob_shadough_use&quot;:&quot;no&quot;,&quot;_ob_allow_hoveranimator&quot;:&quot;no&quot;}\" data-widget_type=\"heading.default\">\n\t\t\t\t<div class=\"elementor-widget-container\">\n\t\t\t\t\t<h1 class=\"elementor-heading-title elementor-size-default\">MARINE SURVEYORS &amp; <br>YACHT CONSULTANTS<\/h1>\t\t\t\t<\/div>\n\t\t\t\t<\/div>\n\t\t\t\t\t<\/div>\n\t\t\t\t<\/div>\n\t\t\t\t<\/div>\n\t\t<\/div>\n\t\t\t\t\t\t<\/div>\n\t\t\t\t<\/div>\n\t\t\t\t<\/div>\n\t\t<div class=\"elementor-element elementor-element-ea89653 e-flex e-con-boxed e-con e-parent\" data-id=\"ea89653\" data-element_type=\"container\" data-settings=\"{&quot;background_background&quot;:&quot;classic&quot;,&quot;_ob_use_container_extras&quot;:&quot;no&quot;,&quot;_ob_column_hoveranimator&quot;:&quot;no&quot;,&quot;_ob_glider_is_slider&quot;:&quot;no&quot;,&quot;_ob_column_has_pseudo&quot;:&quot;no&quot;}\">\n\t\t\t\t\t<div class=\"e-con-inner\">\n\t\t\t\t<div class=\"elementor-element elementor-element-cac549c ob-has-background-overlay elementor-widget elementor-widget-heading\" data-id=\"cac549c\" data-element_type=\"widget\" data-settings=\"{&quot;_ob_widget_stalker_use&quot;:&quot;no&quot;,&quot;_ob_poopart_use&quot;:&quot;yes&quot;,&quot;_ob_shadough_use&quot;:&quot;no&quot;,&quot;_ob_allow_hoveranimator&quot;:&quot;no&quot;}\" data-widget_type=\"heading.default\">\n\t\t\t\t<div class=\"elementor-widget-container\">\n\t\t\t\t\t<h2 class=\"elementor-heading-title elementor-size-default\">Survey-Limits<\/h2>\t\t\t\t<\/div>\n\t\t\t\t<\/div>\n\t\t\t\t\t<\/div>\n\t\t\t\t<\/div>\n\t\t<div class=\"elementor-element elementor-element-5862a93 e-flex e-con-boxed e-con e-parent\" data-id=\"5862a93\" data-element_type=\"container\" data-settings=\"{&quot;_ob_use_container_extras&quot;:&quot;no&quot;,&quot;_ob_column_hoveranimator&quot;:&quot;no&quot;,&quot;_ob_glider_is_slider&quot;:&quot;no&quot;,&quot;_ob_column_has_pseudo&quot;:&quot;no&quot;}\">\n\t\t\t\t\t<div class=\"e-con-inner\">\n\t\t\t\t<div class=\"elementor-element elementor-element-941450f elementor-cta--layout-image-above elementor-cta--valign-top elementor-widget__width-initial elementor-cta--skin-classic elementor-animated-content elementor-bg-transform elementor-bg-transform-zoom-in ob-has-background-overlay elementor-widget elementor-widget-call-to-action\" data-id=\"941450f\" data-element_type=\"widget\" data-settings=\"{&quot;_ob_widget_stalker_use&quot;:&quot;no&quot;,&quot;_ob_poopart_use&quot;:&quot;yes&quot;,&quot;_ob_shadough_use&quot;:&quot;no&quot;,&quot;_ob_allow_hoveranimator&quot;:&quot;no&quot;}\" data-widget_type=\"call-to-action.default\">\n\t\t\t\t<div class=\"elementor-widget-container\">\n\t\t\t\t\t\t\t<div class=\"elementor-cta\">\n\t\t\t\t\t<div class=\"elementor-cta__bg-wrapper\">\n\t\t\t\t<div class=\"elementor-cta__bg elementor-bg\" style=\"background-image: url(https:\/\/foka-surveyors.com\/wp-content\/uploads\/2022\/06\/yacht-management.jpg);\" role=\"img\" aria-label=\"Yacht Surveys- Ihr zuverl\u00e4ssiger Partner f\u00fcr Wertgutachten | See-Erprobung | Versicherungs-Gutachten | Yachtgutachten im Schadenfall | Zustandsberichte\"><\/div>\n\t\t\t\t<div class=\"elementor-cta__bg-overlay\"><\/div>\n\t\t\t<\/div>\n\t\t\t\t\t\t\t<div class=\"elementor-cta__content\">\n\t\t\t\t\n\t\t\t\t\t\t\t\t\t<h2 class=\"elementor-cta__title elementor-cta__content-item elementor-content-item\">\n\t\t\t\t\t\t<br>&nbsp;\t\t\t\t\t<\/h2>\n\t\t\t\t\n\t\t\t\t\t\t\t\t\t<div class=\"elementor-cta__description elementor-cta__content-item elementor-content-item translation-block\"><b>Hull<\/b><br>\nHull condition is assessed by general non-destructive testing and condition assessment. For hulls with heavy coatings, the condition of all areas of the substrate cannot be guaranteed. The examination does not give an opinion on the condition of areas that are not visible, e.g., behind linings, beneath solid flooring, etc. Where these are not accessible, the possibility of isolated damage or deterioration should not be ruled out.<br><br>\n\n<b>Engine \/ Generator<\/b><br>\nEngines and propulsion equipment will be visually inspected, and the engine will be commissioned (if specified in the order and if possible) to check its general characteristics. Dismantling of the engine or associated equipment is not carried out as part of a normal condition survey. Therefore, without separate disassembly and mechanical measurement, no detailed statement about the condition of the internal parts is possible.\nFurther examinations of elements or oil analysis are considered additional services.<br><br>\n\n\n<b>Equipment<\/b><br>\nEngines, masts, booms, standing and running rigging and sails, electrical, electronic, pumping, gas and sanitary equipment, sewage treatment plants, air conditioning, navigational aids are inspected for appearance and installation only without disassembly or specific inspection. On a standing mast, only the parts of the mast and rigging up to the head height are inspected in detail.\nFurther examinations of elements (e.g. gear, mast, oil analysis) are considered additional services.<br><br>\n\n<b>Installations<\/b><br>\nElectrical, plumbing, heating and other installations are inspected where they are visible, but not operated unless they are demonstrated. In any case, the electrical wiring will be inspected (only) visually.<br><br>\n\n<b>Gas installation<\/b><br>\nThe bottled gas installation is inspected visually only, no pressure tests are carried out as part of the survey. All gas systems should be checked regularly as part of a normal preventative maintenance routine. It is strongly recommended that a more extensive check is carried out by a specially authorised service<br><br>\n\n<b>Tanks, windows, doors<\/b><br>\nTanks are inspected where visible, but not inside and not pressure tested. Windows, hatches, and outer doors are not tested for watertightness. Hull fittings and ship's outlets are not dismantled for inspection.<br><br>\n\n<b>Yacht details<\/b><br>\nDetails such as registration numbers, tonnage, year of construction and dimensions are normally taken as given, or as shown on the vessel's documentation, and are not authenticated. Should the dimensions be verified, they are measured using standard measuring equipment and should not be relied upon for overall accuracy.\nThe survey cannot be used to establish that there is a clear title to the vessel or that it is free from debts and encumbrances.<br><br>\n\n<b>Valuation<\/b><br>\nAny valuation presented, is based on known average sales values that can be achieved for yachts or boats of similar type and condition in the same location. Insurance value and replacement value are different and may vary significantly, especially for rare or unusual yachts.<br><br>\n\n<b>Intended Usage<\/b><br>\nUnless explicitly stated to the contrary, the survey and any comments concerning the design, performance, or suitability of the vessel, are based on the assumption that the yacht will be used for private use and in the waters for which it was designed. \nUnless expressly stated, the survey is not intended to verify compliance with any national or international codes, standards, or regulations.<br><br>\n\n<b>Legal<\/b><br>\nOur reports are prepared solely for the client to whom they are addressed and by whom they are commissioned, and no responsibility is accepted to any third party to whom the reports are disclosed or sold. No liability is accepted for consequential loss, including but not limited to loss of use, loss of profit, or loss of business.<\/div>\n\t\t\t\t\n\t\t\t\t\t\t\t<\/div>\n\t\t\t\t\t\t<\/div>\n\t\t\t\t\t\t<\/div>\n\t\t\t\t<\/div>\n\t\t\t\t\t<\/div>\n\t\t\t\t<\/div>\n\t\t\t\t<\/div>","protected":false},"excerpt":{"rendered":"<p>Survey-Limits &nbsp; Rumpf Der Rumpfzustand wird durch allgemeine zerst\u00f6rungsfreie Pr\u00fcfung und durch Beurteilung des Zustands beurteilt. Bei R\u00fcmpfen mit starken Beschichtungen kann der Zustand aller Bereiche des Untergrundes nicht garantiert werden. Die Untersuchung gibt keine Stellungnahme zum Zustand von nicht sichtbaren Bereichen ab, z. B. hinter Verkleidungen, unter festen Fu\u00dfb\u00f6den usw. Sofern diese nicht zug\u00e4nglich [&hellip;]<\/p>","protected":false},"author":1,"featured_media":0,"parent":0,"menu_order":0,"comment_status":"closed","ping_status":"closed","template":"elementor_theme","meta":{"footnotes":""},"class_list":["post-1939","page","type-page","status-publish","hentry"],"_links":{"self":[{"href":"https:\/\/foka-surveyors.com\/en\/wp-json\/wp\/v2\/pages\/1939","targetHints":{"allow":["GET"]}}],"collection":[{"href":"https:\/\/foka-surveyors.com\/en\/wp-json\/wp\/v2\/pages"}],"about":[{"href":"https:\/\/foka-surveyors.com\/en\/wp-json\/wp\/v2\/types\/page"}],"author":[{"embeddable":true,"href":"https:\/\/foka-surveyors.com\/en\/wp-json\/wp\/v2\/users\/1"}],"replies":[{"embeddable":true,"href":"https:\/\/foka-surveyors.com\/en\/wp-json\/wp\/v2\/comments?post=1939"}],"version-history":[{"count":40,"href":"https:\/\/foka-surveyors.com\/en\/wp-json\/wp\/v2\/pages\/1939\/revisions"}],"predecessor-version":[{"id":4415,"href":"https:\/\/foka-surveyors.com\/en\/wp-json\/wp\/v2\/pages\/1939\/revisions\/4415"}],"wp:attachment":[{"href":"https:\/\/foka-surveyors.com\/en\/wp-json\/wp\/v2\/media?parent=1939"}],"curies":[{"name":"wp","href":"https:\/\/api.w.org\/{rel}","templated":true}]}}