{"id":1099,"date":"2022-07-01T11:39:38","date_gmt":"2022-07-01T09:39:38","guid":{"rendered":"https:\/\/foka-surveyors.com\/?page_id=1099"},"modified":"2022-09-26T12:28:40","modified_gmt":"2022-09-26T10:28:40","slug":"yacht-transfer-skipper-coaching","status":"publish","type":"page","link":"https:\/\/foka-surveyors.com\/en\/yacht-transfer-skipper-coaching\/","title":{"rendered":"Yacht Transfer &#038; Skipper Coaching"},"content":{"rendered":"<div data-elementor-type=\"wp-page\" data-elementor-id=\"1099\" class=\"elementor elementor-1099\" data-elementor-post-type=\"page\">\n\t\t\t\t<div class=\"elementor-element elementor-element-a7ccca5 e-con-full e-flex e-con e-parent\" data-id=\"a7ccca5\" data-element_type=\"container\" data-settings=\"{&quot;_ob_use_container_extras&quot;:&quot;no&quot;,&quot;_ob_column_hoveranimator&quot;:&quot;no&quot;,&quot;_ob_glider_is_slider&quot;:&quot;no&quot;,&quot;_ob_column_has_pseudo&quot;:&quot;no&quot;}\">\n\t\t\t\t<div class=\"elementor-element elementor-element-15f6cd6 ob-has-background-overlay elementor-widget elementor-widget-shortcode\" data-id=\"15f6cd6\" data-element_type=\"widget\" data-settings=\"{&quot;_ob_widget_stalker_use&quot;:&quot;no&quot;,&quot;_ob_poopart_use&quot;:&quot;yes&quot;,&quot;_ob_shadough_use&quot;:&quot;no&quot;,&quot;_ob_allow_hoveranimator&quot;:&quot;no&quot;}\" data-widget_type=\"shortcode.default\">\n\t\t\t\t<div class=\"elementor-widget-container\">\n\t\t\t\t\t\t\t<div class=\"elementor-shortcode\">\t\t<div data-elementor-type=\"container\" data-elementor-id=\"1006\" class=\"elementor elementor-1006\" data-elementor-post-type=\"elementor_library\">\n\t\t\t\t<div class=\"elementor-element elementor-element-6ef21e64 e-flex e-con-boxed ob-is-container-extras e-con e-parent\" data-id=\"6ef21e64\" data-element_type=\"container\" data-settings=\"{&quot;background_background&quot;:&quot;classic&quot;,&quot;_ob_use_container_extras&quot;:&quot;yes&quot;,&quot;_ob_column_hoveranimator&quot;:&quot;no&quot;,&quot;_ob_glider_is_slider&quot;:&quot;no&quot;,&quot;_ob_column_has_pseudo&quot;:&quot;no&quot;}\">\n\t\t\t\t\t<div class=\"e-con-inner\">\n\t\t\t\t<div class=\"elementor-element elementor-element-710d13d3 ob-harakiri-inherit ob-has-background-overlay elementor-widget elementor-widget-heading\" data-id=\"710d13d3\" data-element_type=\"widget\" data-settings=\"{&quot;_ob_use_harakiri&quot;:&quot;yes&quot;,&quot;_ob_harakiri_writing_mode&quot;:&quot;inherit&quot;,&quot;_ob_harakiri_text_clip&quot;:&quot;none&quot;,&quot;_ob_widget_stalker_use&quot;:&quot;no&quot;,&quot;_ob_poopart_use&quot;:&quot;yes&quot;,&quot;_ob_shadough_use&quot;:&quot;no&quot;,&quot;_ob_allow_hoveranimator&quot;:&quot;no&quot;}\" data-widget_type=\"heading.default\">\n\t\t\t\t<div class=\"elementor-widget-container\">\n\t\t\t\t\t<h1 class=\"elementor-heading-title elementor-size-default\">MARINE SURVEYORS &amp; <br>YACHT CONSULTANTS<\/h1>\t\t\t\t<\/div>\n\t\t\t\t<\/div>\n\t\t\t\t\t<\/div>\n\t\t\t\t<\/div>\n\t\t\t\t<\/div>\n\t\t<\/div>\n\t\t\t\t\t\t<\/div>\n\t\t\t\t<\/div>\n\t\t\t\t<\/div>\n\t\t<div class=\"elementor-element elementor-element-45f151d e-flex e-con-boxed e-con e-parent\" data-id=\"45f151d\" data-element_type=\"container\" data-settings=\"{&quot;background_background&quot;:&quot;classic&quot;,&quot;_ob_use_container_extras&quot;:&quot;no&quot;,&quot;_ob_column_hoveranimator&quot;:&quot;no&quot;,&quot;_ob_glider_is_slider&quot;:&quot;no&quot;,&quot;_ob_column_has_pseudo&quot;:&quot;no&quot;}\">\n\t\t\t\t\t<div class=\"e-con-inner\">\n\t\t\t\t<div class=\"elementor-element elementor-element-5cb72ce ob-has-background-overlay elementor-widget elementor-widget-heading\" data-id=\"5cb72ce\" data-element_type=\"widget\" data-settings=\"{&quot;_ob_widget_stalker_use&quot;:&quot;no&quot;,&quot;_ob_poopart_use&quot;:&quot;yes&quot;,&quot;_ob_shadough_use&quot;:&quot;no&quot;,&quot;_ob_allow_hoveranimator&quot;:&quot;no&quot;}\" data-widget_type=\"heading.default\">\n\t\t\t\t<div class=\"elementor-widget-container\">\n\t\t\t\t\t<h2 class=\"elementor-heading-title elementor-size-default\">Yacht Transfer &amp; Skipper Coaching<\/h2>\t\t\t\t<\/div>\n\t\t\t\t<\/div>\n\t\t\t\t\t<\/div>\n\t\t\t\t<\/div>\n\t\t<div class=\"elementor-element elementor-element-03e0614 e-flex e-con-boxed e-con e-parent\" data-id=\"03e0614\" data-element_type=\"container\" data-settings=\"{&quot;_ob_use_container_extras&quot;:&quot;no&quot;,&quot;_ob_column_hoveranimator&quot;:&quot;no&quot;,&quot;_ob_glider_is_slider&quot;:&quot;no&quot;,&quot;_ob_column_has_pseudo&quot;:&quot;no&quot;}\">\n\t\t\t\t\t<div class=\"e-con-inner\">\n\t\t\t\t<div class=\"elementor-element elementor-element-aabacd4 elementor-cta--layout-image-above elementor-cta--valign-top elementor-widget__width-initial elementor-cta--skin-classic elementor-animated-content elementor-bg-transform elementor-bg-transform-zoom-in ob-has-background-overlay elementor-widget elementor-widget-call-to-action\" data-id=\"aabacd4\" data-element_type=\"widget\" data-settings=\"{&quot;_ob_widget_stalker_use&quot;:&quot;no&quot;,&quot;_ob_poopart_use&quot;:&quot;yes&quot;,&quot;_ob_shadough_use&quot;:&quot;no&quot;,&quot;_ob_allow_hoveranimator&quot;:&quot;no&quot;}\" data-widget_type=\"call-to-action.default\">\n\t\t\t\t<div class=\"elementor-widget-container\">\n\t\t\t\t\t\t\t<div class=\"elementor-cta\">\n\t\t\t\t\t<div class=\"elementor-cta__bg-wrapper\">\n\t\t\t\t<div class=\"elementor-cta__bg elementor-bg\" style=\"background-image: url(https:\/\/foka-surveyors.com\/wp-content\/uploads\/2022\/07\/yacht-transfer.jpg);\" role=\"img\" aria-label=\"Yacht Transfer &amp; Skipper Coaching | professionelle \u00dcberf\u00fchrung ihrer Yacht | Lehrprogramm: Bootsf\u00fchrung, An- und Ablegen, Wetterkunde, Navigation\"><\/div>\n\t\t\t\t<div class=\"elementor-cta__bg-overlay\"><\/div>\n\t\t\t<\/div>\n\t\t\t\t\t\t\t<div class=\"elementor-cta__content\">\n\t\t\t\t\n\t\t\t\t\t\t\t\t\t<h2 class=\"elementor-cta__title elementor-cta__content-item elementor-content-item\">\n\t\t\t\t\t\tYacht Transfer<br>&nbsp;\t\t\t\t\t<\/h2>\n\t\t\t\t\n\t\t\t\t\t\t\t\t\t<div class=\"elementor-cta__description elementor-cta__content-item elementor-content-item translation-block\"><b>We transfer your yacht professionally, competently, and reliably and hand it over to you at the new berth.<\/b><br><br>\nYou would like to discover a new area, you want your yacht to go to your next holiday destination, back to your home port or to another area after you have successfully bought the ship?\n\n<br>\n\n\nAs a yacht owner, I know the feeling well, whoever hands over his yacht doesn't want to leave anything to chance.\nFor this reason, we have made it our mission to carry out your yacht transfer exactly according to your wishes, carefully, professionally, and discreetly.\nWe do not leave anything to chance.<br><br>\n\nAs a technically experienced skipper with over 25 years of experience with motor and sailing yachts, we also transfer your yacht.<br><br>\n\n<b>Professional, Competently and Reliable:<\/b><br><br>\n\n<b>Before the transfer: <\/b><br>\n\u2022 Technical inspection of the yacht for seaworthiness, check of safety equipment and all life-saving equipment, incl. documentation.<br>\n\u2022 Crew recruitment, if necessary<br>\n\u2022 Handling of administrative matters with port and customs authorities<br><br>\n\n<b>During the voyage:<\/b><br>\n\u2022 Regular location updates<br><br>\n\n<b>After the transfer:<\/b><br>\n\u2022 Renewed technical inspection of the yacht and making the yacht ready for use<br>\n\u2022 Cleaning before handover of the yacht<br><br>\n\nIndividual care for your yacht gives you peace of mind. Contact us with confidence!<br>\u00a0<br>\u00a0<br>\u00a0<br>\u00a0<br>\u00a0<br>\u00a0<br>\u00a0<br>\u00a0<br>\u00a0<br>\u00a0<br>\u00a0<br>\u00a0<\/div>\n\t\t\t\t\n\t\t\t\t\t\t\t<\/div>\n\t\t\t\t\t\t<\/div>\n\t\t\t\t\t\t<\/div>\n\t\t\t\t<\/div>\n\t\t\t\t<div class=\"elementor-element elementor-element-b9bda7e elementor-hidden-mobile ob-harakiri ob-has-background-overlay elementor-widget elementor-widget-heading\" data-id=\"b9bda7e\" data-element_type=\"widget\" data-settings=\"{&quot;_ob_widget_stalker_use&quot;:&quot;no&quot;,&quot;_ob_poopart_use&quot;:&quot;yes&quot;,&quot;_ob_shadough_use&quot;:&quot;no&quot;,&quot;_ob_allow_hoveranimator&quot;:&quot;no&quot;}\" data-widget_type=\"heading.default\">\n\t\t\t\t<div class=\"elementor-widget-container\">\n\t\t\t\t\t<h4 class=\"elementor-heading-title elementor-size-default\">F<br>O<br>K<br>A<br><br>S<br>U<br>R<br>V<br>E<br>Y<br>O<br>R<br>S<\/h4>\t\t\t\t<\/div>\n\t\t\t\t<\/div>\n\t\t\t\t<div class=\"elementor-element elementor-element-d546e61 elementor-cta--layout-image-above elementor-cta--valign-top elementor-widget__width-initial elementor-cta--skin-classic elementor-animated-content elementor-bg-transform elementor-bg-transform-zoom-in ob-has-background-overlay elementor-widget elementor-widget-call-to-action\" data-id=\"d546e61\" data-element_type=\"widget\" data-settings=\"{&quot;_ob_widget_stalker_use&quot;:&quot;no&quot;,&quot;_ob_poopart_use&quot;:&quot;yes&quot;,&quot;_ob_shadough_use&quot;:&quot;no&quot;,&quot;_ob_allow_hoveranimator&quot;:&quot;no&quot;}\" data-widget_type=\"call-to-action.default\">\n\t\t\t\t<div class=\"elementor-widget-container\">\n\t\t\t\t\t\t\t<div class=\"elementor-cta\">\n\t\t\t\t\t<div class=\"elementor-cta__bg-wrapper\">\n\t\t\t\t<div class=\"elementor-cta__bg elementor-bg\" style=\"background-image: url(https:\/\/foka-surveyors.com\/wp-content\/uploads\/2022\/07\/skipper-coaching02.jpg);\" role=\"img\" aria-label=\"Yacht Transfer &amp; Skipper Coaching | professionelle \u00dcberf\u00fchrung ihrer Yacht | Lehrprogramm: Bootsf\u00fchrung, An- und Ablegen, Wetterkunde, Navigation\"><\/div>\n\t\t\t\t<div class=\"elementor-cta__bg-overlay\"><\/div>\n\t\t\t<\/div>\n\t\t\t\t\t\t\t<div class=\"elementor-cta__content\">\n\t\t\t\t\n\t\t\t\t\t\t\t\t\t<h2 class=\"elementor-cta__title elementor-cta__content-item elementor-content-item\">\n\t\t\t\t\t\tSkipper Coaching<br>&nbsp;\t\t\t\t\t<\/h2>\n\t\t\t\t\n\t\t\t\t\t\t\t\t\t<div class=\"elementor-cta__description elementor-cta__content-item elementor-content-item translation-block\"><b>Get to know the possibilities of your yacht better.<\/b><br>\nIt has been proven that skipper coaching, a one-to-one training, is the best and most effective way of conveying confidence in handling your yacht, as your personal wishes and priorities can be dealt with in a concentrated manner during the training. I support you and make you fit, on the most important topics.<br><br>\n\n<b>Training programmes<\/b><br><br>\n\n<b>Yacht handling<\/b><br>\n\u2022 Safety on the seas<br>\n\u2022 Correct behaviour at sea<br>\n\u2022 Behaviour in heavy weather<br>\n\u2022 Tacking, jibing, reefing techniques<br><br>\n\n<b>Mooring and departure manoeuvre: Safe mooring<\/b><br>\n\u2022 Manoeuvre in limited spaces<br>\n\u2022 Proper use of dual propulsion systems<br>\n\u2022 Safe mooring <br>\n\u2022 Mooring manoeuvres with Mooring ropes<br>\n\u2022 Manoeuvres to berth \/ cast- off alongside<br>\n\u2022 Buoy manoeuvres- under sails and engine<br>\n\u2022 Correct anchoring in practice<br><br>\n\n<b>Meteorology<\/b><br>\n\u2022 Sources of meaningful and reliable weather reports<br>\n\u2022 Interpretation of weather reports<br><br>\n\n<b>Navigation<\/b><br>\n\u2022 Navigate with nautical chart and navigation set<br>\n\u2022 Navigate with GPS \/ Plotter \/ RADAR<br>\n\u2022 Handling navigation electronics including RADAR<br>\n\u2022 Practical navigation and night sailing<br><br>\n\n<b>Yacht check<\/b><br>\n\u2022 Safety briefing<br>\n\u2022 Rope handling, knot practice<br>\n\u2022 Correct crew management<br>\n\u2022 Identification and fixing technical issues<br><br>\n\n<b>Miscellaneous<\/b><br>\n\u2022 Sea knowledge<br>\n\u2022 Voyage planning<br>\n\u2022 Food and provisions - the right purchase<br><\/div>\n\t\t\t\t\n\t\t\t\t\t\t\t<\/div>\n\t\t\t\t\t\t<\/div>\n\t\t\t\t\t\t<\/div>\n\t\t\t\t<\/div>\n\t\t\t\t\t<\/div>\n\t\t\t\t<\/div>\n\t\t\t\t<\/div>","protected":false},"excerpt":{"rendered":"<p>Yacht Transfer &#038; Skipper Coaching Yacht Transfer&nbsp; Wir \u00fcberf\u00fchren Ihre Yacht professionell, kompetent und zuverl\u00e4ssig und \u00fcbergeben sie Ihnen am neuen Liegeplatz. Sie m\u00f6chten ein neues Revier entdecken, Ihre Yacht soll in Ihre n\u00e4chste Urlaubs Destination, zur\u00fcck in den Heimathafen oder nach erfolgreichem Schiffskauf in ein anderes Revier? Als Yachtbesitzer kenne ich das Gef\u00fchl gut, [&hellip;]<\/p>","protected":false},"author":1,"featured_media":0,"parent":0,"menu_order":0,"comment_status":"closed","ping_status":"closed","template":"elementor_theme","meta":{"footnotes":""},"class_list":["post-1099","page","type-page","status-publish","hentry"],"_links":{"self":[{"href":"https:\/\/foka-surveyors.com\/en\/wp-json\/wp\/v2\/pages\/1099","targetHints":{"allow":["GET"]}}],"collection":[{"href":"https:\/\/foka-surveyors.com\/en\/wp-json\/wp\/v2\/pages"}],"about":[{"href":"https:\/\/foka-surveyors.com\/en\/wp-json\/wp\/v2\/types\/page"}],"author":[{"embeddable":true,"href":"https:\/\/foka-surveyors.com\/en\/wp-json\/wp\/v2\/users\/1"}],"replies":[{"embeddable":true,"href":"https:\/\/foka-surveyors.com\/en\/wp-json\/wp\/v2\/comments?post=1099"}],"version-history":[{"count":122,"href":"https:\/\/foka-surveyors.com\/en\/wp-json\/wp\/v2\/pages\/1099\/revisions"}],"predecessor-version":[{"id":4403,"href":"https:\/\/foka-surveyors.com\/en\/wp-json\/wp\/v2\/pages\/1099\/revisions\/4403"}],"wp:attachment":[{"href":"https:\/\/foka-surveyors.com\/en\/wp-json\/wp\/v2\/media?parent=1099"}],"curies":[{"name":"wp","href":"https:\/\/api.w.org\/{rel}","templated":true}]}}