{"id":1076,"date":"2022-07-01T11:08:24","date_gmt":"2022-07-01T09:08:24","guid":{"rendered":"https:\/\/foka-surveyors.com\/?page_id=1076"},"modified":"2022-09-26T12:29:35","modified_gmt":"2022-09-26T10:29:35","slug":"yacht-consulting","status":"publish","type":"page","link":"https:\/\/foka-surveyors.com\/en\/yacht-consulting\/","title":{"rendered":"Yacht Consulting"},"content":{"rendered":"<div data-elementor-type=\"wp-page\" data-elementor-id=\"1076\" class=\"elementor elementor-1076\" data-elementor-post-type=\"page\">\n\t\t\t\t<div class=\"elementor-element elementor-element-a7ccca5 e-con-full e-flex e-con e-parent\" data-id=\"a7ccca5\" data-element_type=\"container\" data-settings=\"{&quot;_ob_use_container_extras&quot;:&quot;no&quot;,&quot;_ob_column_hoveranimator&quot;:&quot;no&quot;,&quot;_ob_glider_is_slider&quot;:&quot;no&quot;,&quot;_ob_column_has_pseudo&quot;:&quot;no&quot;}\">\n\t\t\t\t<div class=\"elementor-element elementor-element-15f6cd6 ob-has-background-overlay elementor-widget elementor-widget-shortcode\" data-id=\"15f6cd6\" data-element_type=\"widget\" data-settings=\"{&quot;_ob_widget_stalker_use&quot;:&quot;no&quot;,&quot;_ob_poopart_use&quot;:&quot;yes&quot;,&quot;_ob_shadough_use&quot;:&quot;no&quot;,&quot;_ob_allow_hoveranimator&quot;:&quot;no&quot;}\" data-widget_type=\"shortcode.default\">\n\t\t\t\t<div class=\"elementor-widget-container\">\n\t\t\t\t\t\t\t<div class=\"elementor-shortcode\">\t\t<div data-elementor-type=\"container\" data-elementor-id=\"1006\" class=\"elementor elementor-1006\" data-elementor-post-type=\"elementor_library\">\n\t\t\t\t<div class=\"elementor-element elementor-element-6ef21e64 e-flex e-con-boxed ob-is-container-extras e-con e-parent\" data-id=\"6ef21e64\" data-element_type=\"container\" data-settings=\"{&quot;background_background&quot;:&quot;classic&quot;,&quot;_ob_use_container_extras&quot;:&quot;yes&quot;,&quot;_ob_column_hoveranimator&quot;:&quot;no&quot;,&quot;_ob_glider_is_slider&quot;:&quot;no&quot;,&quot;_ob_column_has_pseudo&quot;:&quot;no&quot;}\">\n\t\t\t\t\t<div class=\"e-con-inner\">\n\t\t\t\t<div class=\"elementor-element elementor-element-710d13d3 ob-harakiri-inherit ob-has-background-overlay elementor-widget elementor-widget-heading\" data-id=\"710d13d3\" data-element_type=\"widget\" data-settings=\"{&quot;_ob_use_harakiri&quot;:&quot;yes&quot;,&quot;_ob_harakiri_writing_mode&quot;:&quot;inherit&quot;,&quot;_ob_harakiri_text_clip&quot;:&quot;none&quot;,&quot;_ob_widget_stalker_use&quot;:&quot;no&quot;,&quot;_ob_poopart_use&quot;:&quot;yes&quot;,&quot;_ob_shadough_use&quot;:&quot;no&quot;,&quot;_ob_allow_hoveranimator&quot;:&quot;no&quot;}\" data-widget_type=\"heading.default\">\n\t\t\t\t<div class=\"elementor-widget-container\">\n\t\t\t\t\t<h1 class=\"elementor-heading-title elementor-size-default\">MARINE SURVEYORS &amp; <br>YACHT CONSULTANTS<\/h1>\t\t\t\t<\/div>\n\t\t\t\t<\/div>\n\t\t\t\t\t<\/div>\n\t\t\t\t<\/div>\n\t\t\t\t<\/div>\n\t\t<\/div>\n\t\t\t\t\t\t<\/div>\n\t\t\t\t<\/div>\n\t\t\t\t<\/div>\n\t\t<div class=\"elementor-element elementor-element-80dda17 e-flex e-con-boxed e-con e-parent\" data-id=\"80dda17\" data-element_type=\"container\" data-settings=\"{&quot;background_background&quot;:&quot;classic&quot;,&quot;_ob_use_container_extras&quot;:&quot;no&quot;,&quot;_ob_column_hoveranimator&quot;:&quot;no&quot;,&quot;_ob_glider_is_slider&quot;:&quot;no&quot;,&quot;_ob_column_has_pseudo&quot;:&quot;no&quot;}\">\n\t\t\t\t\t<div class=\"e-con-inner\">\n\t\t\t\t<div class=\"elementor-element elementor-element-8fb9ca9 ob-has-background-overlay elementor-widget elementor-widget-heading\" data-id=\"8fb9ca9\" data-element_type=\"widget\" data-settings=\"{&quot;_ob_widget_stalker_use&quot;:&quot;no&quot;,&quot;_ob_poopart_use&quot;:&quot;yes&quot;,&quot;_ob_shadough_use&quot;:&quot;no&quot;,&quot;_ob_allow_hoveranimator&quot;:&quot;no&quot;}\" data-widget_type=\"heading.default\">\n\t\t\t\t<div class=\"elementor-widget-container\">\n\t\t\t\t\t<h2 class=\"elementor-heading-title elementor-size-default\">Yacht Consulting<\/h2>\t\t\t\t<\/div>\n\t\t\t\t<\/div>\n\t\t\t\t\t<\/div>\n\t\t\t\t<\/div>\n\t\t<div class=\"elementor-element elementor-element-0c1bbb1 e-flex e-con-boxed e-con e-parent\" data-id=\"0c1bbb1\" data-element_type=\"container\" data-settings=\"{&quot;_ob_use_container_extras&quot;:&quot;no&quot;,&quot;_ob_column_hoveranimator&quot;:&quot;no&quot;,&quot;_ob_glider_is_slider&quot;:&quot;no&quot;,&quot;_ob_column_has_pseudo&quot;:&quot;no&quot;}\">\n\t\t\t\t\t<div class=\"e-con-inner\">\n\t\t\t\t<div class=\"elementor-element elementor-element-9b7de29 elementor-cta--layout-image-above elementor-cta--valign-top elementor-widget__width-initial elementor-cta--skin-classic elementor-animated-content elementor-bg-transform elementor-bg-transform-zoom-in ob-has-background-overlay elementor-widget elementor-widget-call-to-action\" data-id=\"9b7de29\" data-element_type=\"widget\" data-settings=\"{&quot;_ob_widget_stalker_use&quot;:&quot;no&quot;,&quot;_ob_poopart_use&quot;:&quot;yes&quot;,&quot;_ob_shadough_use&quot;:&quot;no&quot;,&quot;_ob_allow_hoveranimator&quot;:&quot;no&quot;}\" data-widget_type=\"call-to-action.default\">\n\t\t\t\t<div class=\"elementor-widget-container\">\n\t\t\t\t\t\t\t<div class=\"elementor-cta\">\n\t\t\t\t\t<div class=\"elementor-cta__bg-wrapper\">\n\t\t\t\t<div class=\"elementor-cta__bg elementor-bg\" style=\"background-image: url(https:\/\/foka-surveyors.com\/wp-content\/uploads\/2022\/07\/yacht-consulting-buy.jpg);\" role=\"img\" aria-label=\"Yacht Consulting vor Kauf &amp; Bauaufsicht Umfangreiche Analysen Marktvergleich, Vertrag |Qualit\u00e4tssicherung, Dokumentation, Endabnahme, Protokolle\"><\/div>\n\t\t\t\t<div class=\"elementor-cta__bg-overlay\"><\/div>\n\t\t\t<\/div>\n\t\t\t\t\t\t\t<div class=\"elementor-cta__content\">\n\t\t\t\t\n\t\t\t\t\t\t\t\t\t<h2 class=\"elementor-cta__title elementor-cta__content-item elementor-content-item\">\n\t\t\t\t\t\tPre-Purchase Consulting<br>&nbsp;\t\t\t\t\t<\/h2>\n\t\t\t\t\n\t\t\t\t\t\t\t\t\t<div class=\"elementor-cta__description elementor-cta__content-item elementor-content-item\">\n\t\t\t\t\t\t<b>Buying a yacht is a complex process. It requires experience and expertise to define all the different variables and to find the most suitable yacht for you.<\/b> <br><br>We provide our support to ensure that your needs and wishes for the new project are realized and a smooth decision-making process is ensured, from concept of your dream yacht to the hand over.<br><br>\nThis includes:<br><br>\n\u2022 market comparative analysis<br>\n\u2022 Analysis and comparison of the general layout of the yachts<br>\n\u2022 Analyse und Vergleich der Technische Daten<br>\n\u2022 Price offer comparison and rating<br>\n\u2022 Analysis and comparison of contract terms<br>\n\u2022 SWOT-Analyse und Empfehlungen<br><br>\nLet us help you find the perfect boat for you!\t\t\t\t\t<\/div>\n\t\t\t\t\n\t\t\t\t\t\t\t<\/div>\n\t\t\t\t\t\t<\/div>\n\t\t\t\t\t\t<\/div>\n\t\t\t\t<\/div>\n\t\t\t\t<div class=\"elementor-element elementor-element-e5a4840 elementor-hidden-mobile ob-harakiri elementor-widget elementor-widget-heading\" data-id=\"e5a4840\" data-element_type=\"widget\" data-settings=\"{&quot;_ob_widget_stalker_use&quot;:&quot;no&quot;}\" data-widget_type=\"heading.default\">\n\t\t\t\t<div class=\"elementor-widget-container\">\n\t\t\t\t\t<h4 class=\"elementor-heading-title elementor-size-default\">F<br>O<br>K<br>A<br><br>S<br>U<br>R<br>V<br>E<br>Y<br>O<br>R<br>S<\/h4>\t\t\t\t<\/div>\n\t\t\t\t<\/div>\n\t\t\t\t<div class=\"elementor-element elementor-element-664fab7 elementor-cta--layout-image-above elementor-cta--valign-top elementor-widget__width-initial elementor-cta--skin-classic elementor-animated-content elementor-bg-transform elementor-bg-transform-zoom-in ob-has-background-overlay elementor-widget elementor-widget-call-to-action\" data-id=\"664fab7\" data-element_type=\"widget\" data-settings=\"{&quot;_ob_widget_stalker_use&quot;:&quot;no&quot;,&quot;_ob_poopart_use&quot;:&quot;yes&quot;,&quot;_ob_shadough_use&quot;:&quot;no&quot;,&quot;_ob_allow_hoveranimator&quot;:&quot;no&quot;}\" data-widget_type=\"call-to-action.default\">\n\t\t\t\t<div class=\"elementor-widget-container\">\n\t\t\t\t\t\t\t<div class=\"elementor-cta\">\n\t\t\t\t\t<div class=\"elementor-cta__bg-wrapper\">\n\t\t\t\t<div class=\"elementor-cta__bg elementor-bg\" style=\"background-image: url(https:\/\/foka-surveyors.com\/wp-content\/uploads\/2022\/07\/yacht-bauaufsicht.jpg);\" role=\"img\" aria-label=\"Yacht Consulting vor Kauf &amp; Bauaufsicht Umfangreiche Analysen Marktvergleich, Vertrag |Qualit\u00e4tssicherung, Dokumentation, Endabnahme, Protokolle\"><\/div>\n\t\t\t\t<div class=\"elementor-cta__bg-overlay\"><\/div>\n\t\t\t<\/div>\n\t\t\t\t\t\t\t<div class=\"elementor-cta__content\">\n\t\t\t\t\n\t\t\t\t\t\t\t\t\t<h2 class=\"elementor-cta__title elementor-cta__content-item elementor-content-item\">\n\t\t\t\t\t\tBuilding Supervision and Building Phase Inspections<br>&nbsp;\t\t\t\t\t<\/h2>\n\t\t\t\t\n\t\t\t\t\t\t\t\t\t<div class=\"elementor-cta__description elementor-cta__content-item elementor-content-item translation-block\"><b>The job supervision refers to the quality assurance during the working process on your yacht.<\/b>\n\n<br><br>\nIt is important to check the implementation of the agreed job specifications in the agreed quality. The confirmation of the achieved job status for agreed payment steps, the photographic documentation of the construction stages as well as the testing and final acceptance, with preparation of handover and defect logs are contained herein.\n<br><br>\nThis service can range from individual control appointments (construction phase test) to on-site support (order monitoring) and can be adapted to specific projects.<\/div>\n\t\t\t\t\n\t\t\t\t\t\t\t<\/div>\n\t\t\t\t\t\t<\/div>\n\t\t\t\t\t\t<\/div>\n\t\t\t\t<\/div>\n\t\t\t\t\t<\/div>\n\t\t\t\t<\/div>\n\t\t\t\t<\/div>","protected":false},"excerpt":{"rendered":"<p>Yacht Consulting Consulting vor Kauf&nbsp; Der Kauf einer Yacht ist ein komplexer Prozess. Er erfordert Erfahrung und Fachkenntnisse, um alle verschiedenen Variablen zu definieren und geeignetste Yacht f\u00fcr Sie zu finden. Wir bieten unsere Unterst\u00fctzung, um sicherzustellen, dass Ihre Bed\u00fcrfnisse und W\u00fcnsche f\u00fcr das neue Projekt umgesetzt werden und ein reibungsloser Entscheidungsprozess gew\u00e4hrleistet ist, von [&hellip;]<\/p>","protected":false},"author":1,"featured_media":0,"parent":0,"menu_order":0,"comment_status":"closed","ping_status":"closed","template":"elementor_theme","meta":{"footnotes":""},"class_list":["post-1076","page","type-page","status-publish","hentry"],"_links":{"self":[{"href":"https:\/\/foka-surveyors.com\/en\/wp-json\/wp\/v2\/pages\/1076","targetHints":{"allow":["GET"]}}],"collection":[{"href":"https:\/\/foka-surveyors.com\/en\/wp-json\/wp\/v2\/pages"}],"about":[{"href":"https:\/\/foka-surveyors.com\/en\/wp-json\/wp\/v2\/types\/page"}],"author":[{"embeddable":true,"href":"https:\/\/foka-surveyors.com\/en\/wp-json\/wp\/v2\/users\/1"}],"replies":[{"embeddable":true,"href":"https:\/\/foka-surveyors.com\/en\/wp-json\/wp\/v2\/comments?post=1076"}],"version-history":[{"count":278,"href":"https:\/\/foka-surveyors.com\/en\/wp-json\/wp\/v2\/pages\/1076\/revisions"}],"predecessor-version":[{"id":4412,"href":"https:\/\/foka-surveyors.com\/en\/wp-json\/wp\/v2\/pages\/1076\/revisions\/4412"}],"wp:attachment":[{"href":"https:\/\/foka-surveyors.com\/en\/wp-json\/wp\/v2\/media?parent=1076"}],"curies":[{"name":"wp","href":"https:\/\/api.w.org\/{rel}","templated":true}]}}